{"id":258,"date":"2026-01-19T09:06:10","date_gmt":"2026-01-19T09:06:10","guid":{"rendered":"https:\/\/dd-test-digitaldot.dev-digitaldot.com\/rs\/?page_id=258"},"modified":"2026-01-30T12:34:00","modified_gmt":"2026-01-30T12:34:00","slug":"mapa-sajta","status":"publish","type":"page","link":"https:\/\/dd-test-digitaldot.dev-digitaldot.com\/rs\/mapa-sajta\/","title":{"rendered":"Mapa sajta"},"content":{"rendered":"\n<section id=\"dd-inner-hero\" class=\"dd-basic-inner-hero\">\n\t<div class=\"container\">\n\t\t<div class=\"inner-hero-wrap dd-wrap\">\n\t\t\t<div class=\"col-xs-12 col-md-7\">\n\t\t\t\t<div class=\"inner-hero_text-wrap\">\n\n\t\t\t\t\t<h1 class=\"inner-hero-title\">\n\t\t\t\t\t\tMapa sajta\t\t\t\t\t<\/h1>\n\n\n\t\t\t\t\t\t\t\t\t\t\n\t\t\t\t\t\n\t\t\t\t<\/div>\t\t\t\n\t\t\t<\/div>\n\t\t\t\t\t\t<div class=\"col-xs-12 col-md-5\">\n\t\t\t\t<div class=\"inner-hero_img-wrap\">\n\t\t\t\t\t<img decoding=\"async\" src=\"\/rs\/wp-content\/uploads\/2026\/01\/hero_privatnost.jpg\" alt=\"inner hero image\" class=\"inner-hero-img\" fetchpriority=\"high\"\/>\n\t\t\t\t<\/div>\t\t\t\n\t\t\t<\/div>\n\t\t\t\t\t<\/div>\n\t<\/div>\n<\/section>\n\n\n<section class=\"inner-content single_inner-content\">\n\t<div class=\"container\">\n\t\t<div class=\"inner-content-wrap default-content-wrap\">\n\t\t\t<p><h2>Pages<\/h2><ul class=\"dd-sitemap-pages\"><li class=\"page_item page-item-273\"><a href=\"https:\/\/dd-test-digitaldot.dev-digitaldot.com\/rs\/blog\/\">Blog<\/a><\/li>\n<li class=\"page_item page-item-432\"><a href=\"https:\/\/dd-test-digitaldot.dev-digitaldot.com\/rs\/email-makreting-kampanje\/\">Email Marketing Kampanje<\/a><\/li>\n<li class=\"page_item page-item-9\"><a href=\"https:\/\/dd-test-digitaldot.dev-digitaldot.com\/rs\/\">Home<\/a><\/li>\n<li class=\"page_item page-item-914\"><a href=\"https:\/\/dd-test-digitaldot.dev-digitaldot.com\/rs\/hvala-na-poverenju\/\">Hvala na prijavi<\/a><\/li>\n<li class=\"page_item page-item-916\"><a href=\"https:\/\/dd-test-digitaldot.dev-digitaldot.com\/rs\/hvala-na-poverenju-kontakt\/\">Hvala \u0161to ste nas kontaktirali<\/a><\/li>\n<li class=\"page_item page-item-262\"><a href=\"https:\/\/dd-test-digitaldot.dev-digitaldot.com\/rs\/izjava-o-pristupacnosti\/\">Izjava o pristupa\u010dnosti<\/a><\/li>\n<li class=\"page_item page-item-443\"><a href=\"https:\/\/dd-test-digitaldot.dev-digitaldot.com\/rs\/izrada-web-sajta\/\">Izrada Web Sajta<\/a><\/li>\n<li class=\"page_item page-item-480\"><a href=\"https:\/\/dd-test-digitaldot.dev-digitaldot.com\/rs\/izrada-web-shopa\/\">Izrada Web Shopa<\/a><\/li>\n<li class=\"page_item page-item-275\"><a href=\"https:\/\/dd-test-digitaldot.dev-digitaldot.com\/rs\/kontakt\/\">Kontaktirajte na\u0161 tim u Beogradu<\/a><\/li>\n<li class=\"page_item page-item-258\"><a href=\"https:\/\/dd-test-digitaldot.dev-digitaldot.com\/rs\/mapa-sajta\/\">Mapa sajta<\/a><\/li>\n<li class=\"page_item page-item-596\"><a href=\"https:\/\/dd-test-digitaldot.dev-digitaldot.com\/rs\/o-nama\/\">O Nama<\/a><\/li>\n<li class=\"page_item page-item-512\"><a href=\"https:\/\/dd-test-digitaldot.dev-digitaldot.com\/rs\/oglasavanje-na-drustvenim-mrezama\/\">Oglasavanje na Drustvenim Mrezama\u200b<\/a><\/li>\n<li class=\"page_item page-item-775\"><a href=\"https:\/\/dd-test-digitaldot.dev-digitaldot.com\/rs\/politika-privatnosti\/\">Politika privatnosti<\/a><\/li>\n<li class=\"page_item page-item-367\"><a href=\"https:\/\/dd-test-digitaldot.dev-digitaldot.com\/rs\/ppc-oglasavanje\/\">PPC Oglasavanje<\/a><\/li>\n<li class=\"page_item page-item-250\"><a href=\"https:\/\/dd-test-digitaldot.dev-digitaldot.com\/rs\/seo-optimizacija\/\">SEO Optimizacija<\/a><\/li>\n<li class=\"page_item page-item-837\"><a href=\"https:\/\/dd-test-digitaldot.dev-digitaldot.com\/rs\/seo-paketi\/\">Seo Paketi<\/a><\/li>\n<\/ul><br \/>\n<h2>Articles<\/h2><ul class=\"dd-sitemap-posts\"><li><a href=\"https:\/\/dd-test-digitaldot.dev-digitaldot.com\/rs\/kako-izgleda-b2b-digital-marketing-u-praksi\/\">Kako izgleda B2B digital marketing u praksi<\/a><\/li><li><a href=\"https:\/\/dd-test-digitaldot.dev-digitaldot.com\/rs\/marketing-u-zdravstvu-sta-je-dozvoljeno-a-sta-ne\/\">Marketing u zdravstvu: \u0161ta je dozvoljeno, a \u0161ta ne<\/a><\/li><li><a href=\"https:\/\/dd-test-digitaldot.dev-digitaldot.com\/rs\/10-znakova-da-vam-je-redizajn-sajta-potreban\/\">10 znakova da vam je redizajn sajta potreban<\/a><\/li><\/ul><\/p>\n\t\t<\/div>\n\t<\/div>\n<\/section>","protected":false},"excerpt":{"rendered":"","protected":false},"author":1,"featured_media":0,"parent":0,"menu_order":0,"comment_status":"closed","ping_status":"closed","template":"","meta":{"_acf_changed":false,"footnotes":""},"class_list":["post-258","page","type-page","status-publish","hentry"],"acf":[],"yoast_head":"<!-- This site is optimized with the Yoast SEO plugin v26.9 - https:\/\/yoast.com\/product\/yoast-seo-wordpress\/ -->\n<title>Mapa Sajta | Digital Dot Beograd<\/title>\n<meta name=\"description\" content=\"Mapa sajta Digital Dot omogu\u0107ava lak pregled svih stranica i usluga za br\u017eu navigaciju i bolju dostupnost sadr\u017eaja.\" \/>\n<meta name=\"robots\" content=\"noindex, follow, max-snippet:-1, max-image-preview:large, max-video-preview:-1\" \/>\n<meta property=\"og:locale\" content=\"en_US\" \/>\n<meta property=\"og:type\" content=\"article\" \/>\n<meta property=\"og:title\" content=\"Mapa Sajta | Digital Dot Beograd\" \/>\n<meta property=\"og:description\" content=\"Mapa sajta Digital Dot omogu\u0107ava lak pregled svih stranica i usluga za br\u017eu navigaciju i bolju dostupnost sadr\u017eaja.\" \/>\n<meta property=\"og:url\" content=\"https:\/\/dd-test-digitaldot.dev-digitaldot.com\/rs\/mapa-sajta\/\" \/>\n<meta property=\"og:site_name\" content=\"Digital Dot Beograd\" \/>\n<meta property=\"article:modified_time\" content=\"2026-01-30T12:34:00+00:00\" \/>\n<meta name=\"twitter:card\" content=\"summary_large_image\" \/>\n<script type=\"application\/ld+json\" class=\"yoast-schema-graph\">{\"@context\":\"https:\/\/schema.org\",\"@graph\":[{\"@type\":\"WebPage\",\"@id\":\"https:\/\/dd-test-digitaldot.dev-digitaldot.com\/rs\/mapa-sajta\/\",\"url\":\"https:\/\/dd-test-digitaldot.dev-digitaldot.com\/rs\/mapa-sajta\/\",\"name\":\"Mapa Sajta | Digital Dot Beograd\",\"isPartOf\":{\"@id\":\"https:\/\/dd-test-digitaldot.dev-digitaldot.com\/rs\/#website\"},\"datePublished\":\"2026-01-19T09:06:10+00:00\",\"dateModified\":\"2026-01-30T12:34:00+00:00\",\"description\":\"Mapa sajta Digital Dot omogu\u0107ava lak pregled svih stranica i usluga za br\u017eu navigaciju i bolju dostupnost sadr\u017eaja.\",\"breadcrumb\":{\"@id\":\"https:\/\/dd-test-digitaldot.dev-digitaldot.com\/rs\/mapa-sajta\/#breadcrumb\"},\"inLanguage\":\"en-US\",\"potentialAction\":[{\"@type\":\"ReadAction\",\"target\":[\"https:\/\/dd-test-digitaldot.dev-digitaldot.com\/rs\/mapa-sajta\/\"]}]},{\"@type\":\"BreadcrumbList\",\"@id\":\"https:\/\/dd-test-digitaldot.dev-digitaldot.com\/rs\/mapa-sajta\/#breadcrumb\",\"itemListElement\":[{\"@type\":\"ListItem\",\"position\":1,\"name\":\"Home\",\"item\":\"https:\/\/dd-test-digitaldot.dev-digitaldot.com\/rs\/\"},{\"@type\":\"ListItem\",\"position\":2,\"name\":\"Mapa sajta\"}]},{\"@type\":\"WebSite\",\"@id\":\"https:\/\/dd-test-digitaldot.dev-digitaldot.com\/rs\/#website\",\"url\":\"https:\/\/dd-test-digitaldot.dev-digitaldot.com\/rs\/\",\"name\":\"Digital Dot Beograd\",\"description\":\"Agencija za Digitalni Marketing\",\"publisher\":{\"@id\":\"https:\/\/dd-test-digitaldot.dev-digitaldot.com\/rs\/#organization\"},\"potentialAction\":[{\"@type\":\"SearchAction\",\"target\":{\"@type\":\"EntryPoint\",\"urlTemplate\":\"https:\/\/dd-test-digitaldot.dev-digitaldot.com\/rs\/?s={search_term_string}\"},\"query-input\":{\"@type\":\"PropertyValueSpecification\",\"valueRequired\":true,\"valueName\":\"search_term_string\"}}],\"inLanguage\":\"en-US\"},{\"@type\":\"Organization\",\"@id\":\"https:\/\/dd-test-digitaldot.dev-digitaldot.com\/rs\/#organization\",\"name\":\"Digital Dot Beograd\",\"url\":\"https:\/\/dd-test-digitaldot.dev-digitaldot.com\/rs\/\",\"logo\":{\"@type\":\"ImageObject\",\"inLanguage\":\"en-US\",\"@id\":\"https:\/\/dd-test-digitaldot.dev-digitaldot.com\/rs\/#\/schema\/logo\/image\/\",\"url\":\"https:\/\/dd-test-digitaldot.dev-digitaldot.com\/rs\/wp-content\/uploads\/2026\/01\/Hero_DD_logo.svg\",\"contentUrl\":\"https:\/\/dd-test-digitaldot.dev-digitaldot.com\/rs\/wp-content\/uploads\/2026\/01\/Hero_DD_logo.svg\",\"caption\":\"Digital Dot Beograd\"},\"image\":{\"@id\":\"https:\/\/dd-test-digitaldot.dev-digitaldot.com\/rs\/#\/schema\/logo\/image\/\"}}]}<\/script>\n<!-- \/ Yoast SEO plugin. -->","yoast_head_json":{"title":"Mapa Sajta | Digital Dot Beograd","description":"Mapa sajta Digital Dot omogu\u0107ava lak pregled svih stranica i usluga za br\u017eu navigaciju i bolju dostupnost sadr\u017eaja.","robots":{"index":"noindex","follow":"follow","max-snippet":"max-snippet:-1","max-image-preview":"max-image-preview:large","max-video-preview":"max-video-preview:-1"},"og_locale":"en_US","og_type":"article","og_title":"Mapa Sajta | Digital Dot Beograd","og_description":"Mapa sajta Digital Dot omogu\u0107ava lak pregled svih stranica i usluga za br\u017eu navigaciju i bolju dostupnost sadr\u017eaja.","og_url":"https:\/\/dd-test-digitaldot.dev-digitaldot.com\/rs\/mapa-sajta\/","og_site_name":"Digital Dot Beograd","article_modified_time":"2026-01-30T12:34:00+00:00","twitter_card":"summary_large_image","schema":{"@context":"https:\/\/schema.org","@graph":[{"@type":"WebPage","@id":"https:\/\/dd-test-digitaldot.dev-digitaldot.com\/rs\/mapa-sajta\/","url":"https:\/\/dd-test-digitaldot.dev-digitaldot.com\/rs\/mapa-sajta\/","name":"Mapa Sajta | Digital Dot Beograd","isPartOf":{"@id":"https:\/\/dd-test-digitaldot.dev-digitaldot.com\/rs\/#website"},"datePublished":"2026-01-19T09:06:10+00:00","dateModified":"2026-01-30T12:34:00+00:00","description":"Mapa sajta Digital Dot omogu\u0107ava lak pregled svih stranica i usluga za br\u017eu navigaciju i bolju dostupnost sadr\u017eaja.","breadcrumb":{"@id":"https:\/\/dd-test-digitaldot.dev-digitaldot.com\/rs\/mapa-sajta\/#breadcrumb"},"inLanguage":"en-US","potentialAction":[{"@type":"ReadAction","target":["https:\/\/dd-test-digitaldot.dev-digitaldot.com\/rs\/mapa-sajta\/"]}]},{"@type":"BreadcrumbList","@id":"https:\/\/dd-test-digitaldot.dev-digitaldot.com\/rs\/mapa-sajta\/#breadcrumb","itemListElement":[{"@type":"ListItem","position":1,"name":"Home","item":"https:\/\/dd-test-digitaldot.dev-digitaldot.com\/rs\/"},{"@type":"ListItem","position":2,"name":"Mapa sajta"}]},{"@type":"WebSite","@id":"https:\/\/dd-test-digitaldot.dev-digitaldot.com\/rs\/#website","url":"https:\/\/dd-test-digitaldot.dev-digitaldot.com\/rs\/","name":"Digital Dot Beograd","description":"Agencija za Digitalni Marketing","publisher":{"@id":"https:\/\/dd-test-digitaldot.dev-digitaldot.com\/rs\/#organization"},"potentialAction":[{"@type":"SearchAction","target":{"@type":"EntryPoint","urlTemplate":"https:\/\/dd-test-digitaldot.dev-digitaldot.com\/rs\/?s={search_term_string}"},"query-input":{"@type":"PropertyValueSpecification","valueRequired":true,"valueName":"search_term_string"}}],"inLanguage":"en-US"},{"@type":"Organization","@id":"https:\/\/dd-test-digitaldot.dev-digitaldot.com\/rs\/#organization","name":"Digital Dot Beograd","url":"https:\/\/dd-test-digitaldot.dev-digitaldot.com\/rs\/","logo":{"@type":"ImageObject","inLanguage":"en-US","@id":"https:\/\/dd-test-digitaldot.dev-digitaldot.com\/rs\/#\/schema\/logo\/image\/","url":"https:\/\/dd-test-digitaldot.dev-digitaldot.com\/rs\/wp-content\/uploads\/2026\/01\/Hero_DD_logo.svg","contentUrl":"https:\/\/dd-test-digitaldot.dev-digitaldot.com\/rs\/wp-content\/uploads\/2026\/01\/Hero_DD_logo.svg","caption":"Digital Dot Beograd"},"image":{"@id":"https:\/\/dd-test-digitaldot.dev-digitaldot.com\/rs\/#\/schema\/logo\/image\/"}}]}},"_links":{"self":[{"href":"https:\/\/dd-test-digitaldot.dev-digitaldot.com\/rs\/wp-json\/wp\/v2\/pages\/258","targetHints":{"allow":["GET"]}}],"collection":[{"href":"https:\/\/dd-test-digitaldot.dev-digitaldot.com\/rs\/wp-json\/wp\/v2\/pages"}],"about":[{"href":"https:\/\/dd-test-digitaldot.dev-digitaldot.com\/rs\/wp-json\/wp\/v2\/types\/page"}],"author":[{"embeddable":true,"href":"https:\/\/dd-test-digitaldot.dev-digitaldot.com\/rs\/wp-json\/wp\/v2\/users\/1"}],"replies":[{"embeddable":true,"href":"https:\/\/dd-test-digitaldot.dev-digitaldot.com\/rs\/wp-json\/wp\/v2\/comments?post=258"}],"version-history":[{"count":7,"href":"https:\/\/dd-test-digitaldot.dev-digitaldot.com\/rs\/wp-json\/wp\/v2\/pages\/258\/revisions"}],"predecessor-version":[{"id":866,"href":"https:\/\/dd-test-digitaldot.dev-digitaldot.com\/rs\/wp-json\/wp\/v2\/pages\/258\/revisions\/866"}],"wp:attachment":[{"href":"https:\/\/dd-test-digitaldot.dev-digitaldot.com\/rs\/wp-json\/wp\/v2\/media?parent=258"}],"curies":[{"name":"wp","href":"https:\/\/api.w.org\/{rel}","templated":true}]}}