{"id":914,"date":"2026-02-02T08:55:37","date_gmt":"2026-02-02T08:55:37","guid":{"rendered":"https:\/\/dd-test-digitaldot.dev-digitaldot.com\/rs\/?page_id=914"},"modified":"2026-02-02T09:40:28","modified_gmt":"2026-02-02T09:40:28","slug":"hvala-na-poverenju","status":"publish","type":"page","link":"https:\/\/dd-test-digitaldot.dev-digitaldot.com\/rs\/hvala-na-poverenju\/","title":{"rendered":"Hvala na prijavi"},"content":{"rendered":"\n<section id=\"dd-inner-hero\" class=\"dd-basic-inner-hero\">\n\t<div class=\"container\">\n\t\t<div class=\"inner-hero-wrap dd-wrap\">\n\t\t\t<div class=\"col-xs-12 col-md-7\">\n\t\t\t\t<div class=\"inner-hero_text-wrap\">\n\n\t\t\t\t\t<h1 class=\"inner-hero-title\">\n\t\t\t\t\t\tHvala na prijavi\t\t\t\t\t<\/h1>\n\n\n\t\t\t\t\t\t\t\t\t\t\n\t\t\t\t\t\n\t\t\t\t<\/div>\t\t\t\n\t\t\t<\/div>\n\t\t\t\t\t\t<div class=\"col-xs-12 col-md-5\">\n\t\t\t\t<div class=\"inner-hero_img-wrap\">\n\t\t\t\t\t<img decoding=\"async\" src=\"\/rs\/wp-content\/uploads\/2026\/01\/hero_privatnost.jpg\" alt=\"inner hero image\" class=\"inner-hero-img\" fetchpriority=\"high\"\/>\n\t\t\t\t<\/div>\t\t\t\n\t\t\t<\/div>\n\t\t\t\t\t<\/div>\n\t<\/div>\n<\/section>\n\n\n<section class=\"inner-content single_inner-content\">\n\t<div class=\"container\">\n\t\t<div class=\"inner-content-wrap default-content-wrap\">\n\t\t\t<p data-start=\"129\" data-end=\"269\">Uspe\u0161no ste se prijavili na na\u0161 newsletter.<br data-start=\"172\" data-end=\"175\" \/>Od sada \u0107ete dobijati korisne uvide, prakti\u010dne savete i aktuelne informacije direktno u inbox.<\/p>\n<p data-start=\"271\" data-end=\"292\">\u0160ta mo\u017eete o\u010dekivati:<\/p>\n<ul data-start=\"293\" data-end=\"399\">\n<li data-start=\"293\" data-end=\"324\">\n<p data-start=\"295\" data-end=\"324\">kratke i primenljive savete<\/p>\n<\/li>\n<li data-start=\"325\" data-end=\"350\">\n<p data-start=\"327\" data-end=\"350\">novosti iz industrije<\/p>\n<\/li>\n<li data-start=\"351\" data-end=\"399\">\n<p data-start=\"353\" data-end=\"399\">vodi\u010de i resurse koje mo\u017eete odmah koristiti<\/p>\n<\/li>\n<\/ul>\n<p data-start=\"401\" data-end=\"425\">U me\u0111uvremenu, slobodno:<\/p>\n<ul data-start=\"426\" data-end=\"622\">\n<li data-start=\"426\" data-end=\"448\">\n<p data-start=\"428\" data-end=\"448\">istra\u017eite na\u0161 <a href=\"https:\/\/dd-test-digitaldot.dev-digitaldot.com\/rs\/blog\/\">blog<\/a><\/p>\n<\/li>\n<li data-start=\"449\" data-end=\"474\">\n<p data-start=\"451\" data-end=\"474\">pogledate na\u0161e usluge<\/p>\n<\/li>\n<li data-start=\"475\" data-end=\"536\">\n<p data-start=\"477\" data-end=\"536\"><a href=\"https:\/\/dd-test-digitaldot.dev-digitaldot.com\/rs\/kontakt\/\">kontaktirate nas<\/a> ako imate pitanje ili konkretan upit<\/p>\n<\/li>\n<li data-start=\"537\" data-end=\"622\">\n<p data-start=\"539\" data-end=\"622\"><a href=\"https:\/\/calendly.com\/meetmichaelj\/digital-dot-konsultacije\">zakaz\u030cete sastanak<\/a> ukoliko \u017eelite da razgovaramo o va\u0161em projektu ili potrebama<\/p>\n<\/li>\n<\/ul>\n<p>Hvala na poverenju.<\/p>\n\t\t<\/div>\n\t<\/div>\n<\/section>","protected":false},"excerpt":{"rendered":"","protected":false},"author":1,"featured_media":0,"parent":0,"menu_order":0,"comment_status":"closed","ping_status":"closed","template":"","meta":{"_acf_changed":false,"footnotes":""},"class_list":["post-914","page","type-page","status-publish","hentry"],"acf":[],"yoast_head":"<!-- This site is optimized with the Yoast SEO plugin v26.9 - https:\/\/yoast.com\/product\/yoast-seo-wordpress\/ -->\n<title>Thank You Newsletter | Digital Dot Beograd<\/title>\n<meta name=\"robots\" content=\"noindex, nofollow\" \/>\n<meta property=\"og:locale\" content=\"en_US\" \/>\n<meta property=\"og:type\" content=\"article\" \/>\n<meta property=\"og:title\" content=\"Thank You Newsletter | Digital Dot Beograd\" \/>\n<meta property=\"og:url\" content=\"https:\/\/dd-test-digitaldot.dev-digitaldot.com\/rs\/hvala-na-poverenju\/\" \/>\n<meta property=\"og:site_name\" content=\"Digital Dot Beograd\" \/>\n<meta property=\"article:modified_time\" content=\"2026-02-02T09:40:28+00:00\" \/>\n<meta name=\"twitter:card\" content=\"summary_large_image\" \/>\n<script type=\"application\/ld+json\" class=\"yoast-schema-graph\">{\"@context\":\"https:\/\/schema.org\",\"@graph\":[{\"@type\":\"WebPage\",\"@id\":\"https:\/\/dd-test-digitaldot.dev-digitaldot.com\/rs\/hvala-na-poverenju\/\",\"url\":\"https:\/\/dd-test-digitaldot.dev-digitaldot.com\/rs\/hvala-na-poverenju\/\",\"name\":\"Thank You Newsletter | Digital Dot Beograd\",\"isPartOf\":{\"@id\":\"https:\/\/dd-test-digitaldot.dev-digitaldot.com\/rs\/#website\"},\"datePublished\":\"2026-02-02T08:55:37+00:00\",\"dateModified\":\"2026-02-02T09:40:28+00:00\",\"breadcrumb\":{\"@id\":\"https:\/\/dd-test-digitaldot.dev-digitaldot.com\/rs\/hvala-na-poverenju\/#breadcrumb\"},\"inLanguage\":\"en-US\",\"potentialAction\":[{\"@type\":\"ReadAction\",\"target\":[\"https:\/\/dd-test-digitaldot.dev-digitaldot.com\/rs\/hvala-na-poverenju\/\"]}]},{\"@type\":\"BreadcrumbList\",\"@id\":\"https:\/\/dd-test-digitaldot.dev-digitaldot.com\/rs\/hvala-na-poverenju\/#breadcrumb\",\"itemListElement\":[{\"@type\":\"ListItem\",\"position\":1,\"name\":\"Home\",\"item\":\"https:\/\/dd-test-digitaldot.dev-digitaldot.com\/rs\/\"},{\"@type\":\"ListItem\",\"position\":2,\"name\":\"Hvala na prijavi\"}]},{\"@type\":\"WebSite\",\"@id\":\"https:\/\/dd-test-digitaldot.dev-digitaldot.com\/rs\/#website\",\"url\":\"https:\/\/dd-test-digitaldot.dev-digitaldot.com\/rs\/\",\"name\":\"Digital Dot Beograd\",\"description\":\"Agencija za Digitalni Marketing\",\"publisher\":{\"@id\":\"https:\/\/dd-test-digitaldot.dev-digitaldot.com\/rs\/#organization\"},\"potentialAction\":[{\"@type\":\"SearchAction\",\"target\":{\"@type\":\"EntryPoint\",\"urlTemplate\":\"https:\/\/dd-test-digitaldot.dev-digitaldot.com\/rs\/?s={search_term_string}\"},\"query-input\":{\"@type\":\"PropertyValueSpecification\",\"valueRequired\":true,\"valueName\":\"search_term_string\"}}],\"inLanguage\":\"en-US\"},{\"@type\":\"Organization\",\"@id\":\"https:\/\/dd-test-digitaldot.dev-digitaldot.com\/rs\/#organization\",\"name\":\"Digital Dot Beograd\",\"url\":\"https:\/\/dd-test-digitaldot.dev-digitaldot.com\/rs\/\",\"logo\":{\"@type\":\"ImageObject\",\"inLanguage\":\"en-US\",\"@id\":\"https:\/\/dd-test-digitaldot.dev-digitaldot.com\/rs\/#\/schema\/logo\/image\/\",\"url\":\"https:\/\/dd-test-digitaldot.dev-digitaldot.com\/rs\/wp-content\/uploads\/2026\/01\/Hero_DD_logo.svg\",\"contentUrl\":\"https:\/\/dd-test-digitaldot.dev-digitaldot.com\/rs\/wp-content\/uploads\/2026\/01\/Hero_DD_logo.svg\",\"caption\":\"Digital Dot Beograd\"},\"image\":{\"@id\":\"https:\/\/dd-test-digitaldot.dev-digitaldot.com\/rs\/#\/schema\/logo\/image\/\"}}]}<\/script>\n<!-- \/ Yoast SEO plugin. -->","yoast_head_json":{"title":"Thank You Newsletter | Digital Dot Beograd","robots":{"index":"noindex","follow":"nofollow"},"og_locale":"en_US","og_type":"article","og_title":"Thank You Newsletter | Digital Dot Beograd","og_url":"https:\/\/dd-test-digitaldot.dev-digitaldot.com\/rs\/hvala-na-poverenju\/","og_site_name":"Digital Dot Beograd","article_modified_time":"2026-02-02T09:40:28+00:00","twitter_card":"summary_large_image","schema":{"@context":"https:\/\/schema.org","@graph":[{"@type":"WebPage","@id":"https:\/\/dd-test-digitaldot.dev-digitaldot.com\/rs\/hvala-na-poverenju\/","url":"https:\/\/dd-test-digitaldot.dev-digitaldot.com\/rs\/hvala-na-poverenju\/","name":"Thank You Newsletter | Digital Dot Beograd","isPartOf":{"@id":"https:\/\/dd-test-digitaldot.dev-digitaldot.com\/rs\/#website"},"datePublished":"2026-02-02T08:55:37+00:00","dateModified":"2026-02-02T09:40:28+00:00","breadcrumb":{"@id":"https:\/\/dd-test-digitaldot.dev-digitaldot.com\/rs\/hvala-na-poverenju\/#breadcrumb"},"inLanguage":"en-US","potentialAction":[{"@type":"ReadAction","target":["https:\/\/dd-test-digitaldot.dev-digitaldot.com\/rs\/hvala-na-poverenju\/"]}]},{"@type":"BreadcrumbList","@id":"https:\/\/dd-test-digitaldot.dev-digitaldot.com\/rs\/hvala-na-poverenju\/#breadcrumb","itemListElement":[{"@type":"ListItem","position":1,"name":"Home","item":"https:\/\/dd-test-digitaldot.dev-digitaldot.com\/rs\/"},{"@type":"ListItem","position":2,"name":"Hvala na prijavi"}]},{"@type":"WebSite","@id":"https:\/\/dd-test-digitaldot.dev-digitaldot.com\/rs\/#website","url":"https:\/\/dd-test-digitaldot.dev-digitaldot.com\/rs\/","name":"Digital Dot Beograd","description":"Agencija za Digitalni Marketing","publisher":{"@id":"https:\/\/dd-test-digitaldot.dev-digitaldot.com\/rs\/#organization"},"potentialAction":[{"@type":"SearchAction","target":{"@type":"EntryPoint","urlTemplate":"https:\/\/dd-test-digitaldot.dev-digitaldot.com\/rs\/?s={search_term_string}"},"query-input":{"@type":"PropertyValueSpecification","valueRequired":true,"valueName":"search_term_string"}}],"inLanguage":"en-US"},{"@type":"Organization","@id":"https:\/\/dd-test-digitaldot.dev-digitaldot.com\/rs\/#organization","name":"Digital Dot Beograd","url":"https:\/\/dd-test-digitaldot.dev-digitaldot.com\/rs\/","logo":{"@type":"ImageObject","inLanguage":"en-US","@id":"https:\/\/dd-test-digitaldot.dev-digitaldot.com\/rs\/#\/schema\/logo\/image\/","url":"https:\/\/dd-test-digitaldot.dev-digitaldot.com\/rs\/wp-content\/uploads\/2026\/01\/Hero_DD_logo.svg","contentUrl":"https:\/\/dd-test-digitaldot.dev-digitaldot.com\/rs\/wp-content\/uploads\/2026\/01\/Hero_DD_logo.svg","caption":"Digital Dot Beograd"},"image":{"@id":"https:\/\/dd-test-digitaldot.dev-digitaldot.com\/rs\/#\/schema\/logo\/image\/"}}]}},"_links":{"self":[{"href":"https:\/\/dd-test-digitaldot.dev-digitaldot.com\/rs\/wp-json\/wp\/v2\/pages\/914","targetHints":{"allow":["GET"]}}],"collection":[{"href":"https:\/\/dd-test-digitaldot.dev-digitaldot.com\/rs\/wp-json\/wp\/v2\/pages"}],"about":[{"href":"https:\/\/dd-test-digitaldot.dev-digitaldot.com\/rs\/wp-json\/wp\/v2\/types\/page"}],"author":[{"embeddable":true,"href":"https:\/\/dd-test-digitaldot.dev-digitaldot.com\/rs\/wp-json\/wp\/v2\/users\/1"}],"replies":[{"embeddable":true,"href":"https:\/\/dd-test-digitaldot.dev-digitaldot.com\/rs\/wp-json\/wp\/v2\/comments?post=914"}],"version-history":[{"count":4,"href":"https:\/\/dd-test-digitaldot.dev-digitaldot.com\/rs\/wp-json\/wp\/v2\/pages\/914\/revisions"}],"predecessor-version":[{"id":931,"href":"https:\/\/dd-test-digitaldot.dev-digitaldot.com\/rs\/wp-json\/wp\/v2\/pages\/914\/revisions\/931"}],"wp:attachment":[{"href":"https:\/\/dd-test-digitaldot.dev-digitaldot.com\/rs\/wp-json\/wp\/v2\/media?parent=914"}],"curies":[{"name":"wp","href":"https:\/\/api.w.org\/{rel}","templated":true}]}}