{"id":916,"date":"2026-02-02T08:59:03","date_gmt":"2026-02-02T08:59:03","guid":{"rendered":"https:\/\/dd-test-digitaldot.dev-digitaldot.com\/rs\/?page_id=916"},"modified":"2026-02-02T09:47:45","modified_gmt":"2026-02-02T09:47:45","slug":"hvala-na-poverenju-kontakt","status":"publish","type":"page","link":"https:\/\/dd-test-digitaldot.dev-digitaldot.com\/rs\/hvala-na-poverenju-kontakt\/","title":{"rendered":"Hvala \u0161to ste nas kontaktirali"},"content":{"rendered":"\n<section id=\"dd-inner-hero\" class=\"dd-basic-inner-hero\">\n\t<div class=\"container\">\n\t\t<div class=\"inner-hero-wrap dd-wrap\">\n\t\t\t<div class=\"col-xs-12 col-md-7\">\n\t\t\t\t<div class=\"inner-hero_text-wrap\">\n\n\t\t\t\t\t<h1 class=\"inner-hero-title\">\n\t\t\t\t\t\tHvala \u0161to ste nas kontaktirali\t\t\t\t\t<\/h1>\n\n\n\t\t\t\t\t\t\t\t\t\t\n\t\t\t\t\t\n\t\t\t\t<\/div>\t\t\t\n\t\t\t<\/div>\n\t\t\t\t\t\t<div class=\"col-xs-12 col-md-5\">\n\t\t\t\t<div class=\"inner-hero_img-wrap\">\n\t\t\t\t\t<img decoding=\"async\" src=\"\/rs\/wp-content\/uploads\/2026\/01\/hero_privatnost.jpg\" alt=\"inner hero image\" class=\"inner-hero-img\" fetchpriority=\"high\"\/>\n\t\t\t\t<\/div>\t\t\t\n\t\t\t<\/div>\n\t\t\t\t\t<\/div>\n\t<\/div>\n<\/section>\n\n\n<section class=\"inner-content single_inner-content\">\n\t<div class=\"container\">\n\t\t<div class=\"inner-content-wrap default-content-wrap\">\n\t\t\t<p data-start=\"220\" data-end=\"320\">Va\u0161a poruka je uspe\u0161no poslata.<br data-start=\"251\" data-end=\"254\" \/>Na\u0161 tim \u0107e Vam se javiti u najkra\u0107em mogu\u0107em roku.<\/p>\n<p data-start=\"322\" data-end=\"353\">U me\u0111uvremenu, slobodno mo\u017eete:<\/p>\n<ul data-start=\"354\" data-end=\"471\">\n<li data-start=\"354\" data-end=\"380\">\n<p data-start=\"356\" data-end=\"380\">pregledati na\u0161e usluge<\/p>\n<\/li>\n<li data-start=\"381\" data-end=\"422\">\n<p data-start=\"383\" data-end=\"422\">pro\u010ditati najnovije tekstove na <a href=\"https:\/\/dd-test-digitaldot.dev-digitaldot.com\/rs\/blog\/\">blogu<\/a><\/p>\n<\/li>\n<li data-start=\"423\" data-end=\"471\">\n<p data-start=\"425\" data-end=\"471\">ili <a href=\"https:\/\/calendly.com\/meetmichaelj\/digital-dot-konsultacije\">zakazati sastanak<\/a> ako \u017eelite br\u017ei razgovor<\/p>\n<\/li>\n<\/ul>\n<p data-start=\"473\" data-end=\"571\">Ako imate dodatna pitanja ili hitan upit, mo\u017eete nam se javiti direktno putem <a href=\"tel:+381628265520\">telefona<\/a>.<\/p>\n<p data-start=\"573\" data-end=\"617\">Hvala na poverenju.<\/p>\n\t\t<\/div>\n\t<\/div>\n<\/section>","protected":false},"excerpt":{"rendered":"","protected":false},"author":1,"featured_media":0,"parent":0,"menu_order":0,"comment_status":"closed","ping_status":"closed","template":"","meta":{"_acf_changed":false,"footnotes":""},"class_list":["post-916","page","type-page","status-publish","hentry"],"acf":[],"yoast_head":"<!-- This site is optimized with the Yoast SEO plugin v26.9 - https:\/\/yoast.com\/product\/yoast-seo-wordpress\/ -->\n<title>Thank You Kontakt | Digital Dot Beograd<\/title>\n<meta name=\"robots\" content=\"noindex, nofollow\" \/>\n<meta property=\"og:locale\" content=\"en_US\" \/>\n<meta property=\"og:type\" content=\"article\" \/>\n<meta property=\"og:title\" content=\"Thank You Kontakt | Digital Dot Beograd\" \/>\n<meta property=\"og:url\" content=\"https:\/\/dd-test-digitaldot.dev-digitaldot.com\/rs\/hvala-na-poverenju-kontakt\/\" \/>\n<meta property=\"og:site_name\" content=\"Digital Dot Beograd\" \/>\n<meta property=\"article:modified_time\" content=\"2026-02-02T09:47:45+00:00\" \/>\n<meta name=\"twitter:card\" content=\"summary_large_image\" \/>\n<script type=\"application\/ld+json\" class=\"yoast-schema-graph\">{\"@context\":\"https:\/\/schema.org\",\"@graph\":[{\"@type\":\"WebPage\",\"@id\":\"https:\/\/dd-test-digitaldot.dev-digitaldot.com\/rs\/hvala-na-poverenju-kontakt\/\",\"url\":\"https:\/\/dd-test-digitaldot.dev-digitaldot.com\/rs\/hvala-na-poverenju-kontakt\/\",\"name\":\"Thank You Kontakt | Digital Dot Beograd\",\"isPartOf\":{\"@id\":\"https:\/\/dd-test-digitaldot.dev-digitaldot.com\/rs\/#website\"},\"datePublished\":\"2026-02-02T08:59:03+00:00\",\"dateModified\":\"2026-02-02T09:47:45+00:00\",\"breadcrumb\":{\"@id\":\"https:\/\/dd-test-digitaldot.dev-digitaldot.com\/rs\/hvala-na-poverenju-kontakt\/#breadcrumb\"},\"inLanguage\":\"en-US\",\"potentialAction\":[{\"@type\":\"ReadAction\",\"target\":[\"https:\/\/dd-test-digitaldot.dev-digitaldot.com\/rs\/hvala-na-poverenju-kontakt\/\"]}]},{\"@type\":\"BreadcrumbList\",\"@id\":\"https:\/\/dd-test-digitaldot.dev-digitaldot.com\/rs\/hvala-na-poverenju-kontakt\/#breadcrumb\",\"itemListElement\":[{\"@type\":\"ListItem\",\"position\":1,\"name\":\"Home\",\"item\":\"https:\/\/dd-test-digitaldot.dev-digitaldot.com\/rs\/\"},{\"@type\":\"ListItem\",\"position\":2,\"name\":\"Hvala \u0161to ste nas kontaktirali\"}]},{\"@type\":\"WebSite\",\"@id\":\"https:\/\/dd-test-digitaldot.dev-digitaldot.com\/rs\/#website\",\"url\":\"https:\/\/dd-test-digitaldot.dev-digitaldot.com\/rs\/\",\"name\":\"Digital Dot Beograd\",\"description\":\"Agencija za Digitalni Marketing\",\"publisher\":{\"@id\":\"https:\/\/dd-test-digitaldot.dev-digitaldot.com\/rs\/#organization\"},\"potentialAction\":[{\"@type\":\"SearchAction\",\"target\":{\"@type\":\"EntryPoint\",\"urlTemplate\":\"https:\/\/dd-test-digitaldot.dev-digitaldot.com\/rs\/?s={search_term_string}\"},\"query-input\":{\"@type\":\"PropertyValueSpecification\",\"valueRequired\":true,\"valueName\":\"search_term_string\"}}],\"inLanguage\":\"en-US\"},{\"@type\":\"Organization\",\"@id\":\"https:\/\/dd-test-digitaldot.dev-digitaldot.com\/rs\/#organization\",\"name\":\"Digital Dot Beograd\",\"url\":\"https:\/\/dd-test-digitaldot.dev-digitaldot.com\/rs\/\",\"logo\":{\"@type\":\"ImageObject\",\"inLanguage\":\"en-US\",\"@id\":\"https:\/\/dd-test-digitaldot.dev-digitaldot.com\/rs\/#\/schema\/logo\/image\/\",\"url\":\"https:\/\/dd-test-digitaldot.dev-digitaldot.com\/rs\/wp-content\/uploads\/2026\/01\/Hero_DD_logo.svg\",\"contentUrl\":\"https:\/\/dd-test-digitaldot.dev-digitaldot.com\/rs\/wp-content\/uploads\/2026\/01\/Hero_DD_logo.svg\",\"caption\":\"Digital Dot Beograd\"},\"image\":{\"@id\":\"https:\/\/dd-test-digitaldot.dev-digitaldot.com\/rs\/#\/schema\/logo\/image\/\"}}]}<\/script>\n<!-- \/ Yoast SEO plugin. -->","yoast_head_json":{"title":"Thank You Kontakt | Digital Dot Beograd","robots":{"index":"noindex","follow":"nofollow"},"og_locale":"en_US","og_type":"article","og_title":"Thank You Kontakt | Digital Dot Beograd","og_url":"https:\/\/dd-test-digitaldot.dev-digitaldot.com\/rs\/hvala-na-poverenju-kontakt\/","og_site_name":"Digital Dot Beograd","article_modified_time":"2026-02-02T09:47:45+00:00","twitter_card":"summary_large_image","schema":{"@context":"https:\/\/schema.org","@graph":[{"@type":"WebPage","@id":"https:\/\/dd-test-digitaldot.dev-digitaldot.com\/rs\/hvala-na-poverenju-kontakt\/","url":"https:\/\/dd-test-digitaldot.dev-digitaldot.com\/rs\/hvala-na-poverenju-kontakt\/","name":"Thank You Kontakt | Digital Dot Beograd","isPartOf":{"@id":"https:\/\/dd-test-digitaldot.dev-digitaldot.com\/rs\/#website"},"datePublished":"2026-02-02T08:59:03+00:00","dateModified":"2026-02-02T09:47:45+00:00","breadcrumb":{"@id":"https:\/\/dd-test-digitaldot.dev-digitaldot.com\/rs\/hvala-na-poverenju-kontakt\/#breadcrumb"},"inLanguage":"en-US","potentialAction":[{"@type":"ReadAction","target":["https:\/\/dd-test-digitaldot.dev-digitaldot.com\/rs\/hvala-na-poverenju-kontakt\/"]}]},{"@type":"BreadcrumbList","@id":"https:\/\/dd-test-digitaldot.dev-digitaldot.com\/rs\/hvala-na-poverenju-kontakt\/#breadcrumb","itemListElement":[{"@type":"ListItem","position":1,"name":"Home","item":"https:\/\/dd-test-digitaldot.dev-digitaldot.com\/rs\/"},{"@type":"ListItem","position":2,"name":"Hvala \u0161to ste nas kontaktirali"}]},{"@type":"WebSite","@id":"https:\/\/dd-test-digitaldot.dev-digitaldot.com\/rs\/#website","url":"https:\/\/dd-test-digitaldot.dev-digitaldot.com\/rs\/","name":"Digital Dot Beograd","description":"Agencija za Digitalni Marketing","publisher":{"@id":"https:\/\/dd-test-digitaldot.dev-digitaldot.com\/rs\/#organization"},"potentialAction":[{"@type":"SearchAction","target":{"@type":"EntryPoint","urlTemplate":"https:\/\/dd-test-digitaldot.dev-digitaldot.com\/rs\/?s={search_term_string}"},"query-input":{"@type":"PropertyValueSpecification","valueRequired":true,"valueName":"search_term_string"}}],"inLanguage":"en-US"},{"@type":"Organization","@id":"https:\/\/dd-test-digitaldot.dev-digitaldot.com\/rs\/#organization","name":"Digital Dot Beograd","url":"https:\/\/dd-test-digitaldot.dev-digitaldot.com\/rs\/","logo":{"@type":"ImageObject","inLanguage":"en-US","@id":"https:\/\/dd-test-digitaldot.dev-digitaldot.com\/rs\/#\/schema\/logo\/image\/","url":"https:\/\/dd-test-digitaldot.dev-digitaldot.com\/rs\/wp-content\/uploads\/2026\/01\/Hero_DD_logo.svg","contentUrl":"https:\/\/dd-test-digitaldot.dev-digitaldot.com\/rs\/wp-content\/uploads\/2026\/01\/Hero_DD_logo.svg","caption":"Digital Dot Beograd"},"image":{"@id":"https:\/\/dd-test-digitaldot.dev-digitaldot.com\/rs\/#\/schema\/logo\/image\/"}}]}},"_links":{"self":[{"href":"https:\/\/dd-test-digitaldot.dev-digitaldot.com\/rs\/wp-json\/wp\/v2\/pages\/916","targetHints":{"allow":["GET"]}}],"collection":[{"href":"https:\/\/dd-test-digitaldot.dev-digitaldot.com\/rs\/wp-json\/wp\/v2\/pages"}],"about":[{"href":"https:\/\/dd-test-digitaldot.dev-digitaldot.com\/rs\/wp-json\/wp\/v2\/types\/page"}],"author":[{"embeddable":true,"href":"https:\/\/dd-test-digitaldot.dev-digitaldot.com\/rs\/wp-json\/wp\/v2\/users\/1"}],"replies":[{"embeddable":true,"href":"https:\/\/dd-test-digitaldot.dev-digitaldot.com\/rs\/wp-json\/wp\/v2\/comments?post=916"}],"version-history":[{"count":2,"href":"https:\/\/dd-test-digitaldot.dev-digitaldot.com\/rs\/wp-json\/wp\/v2\/pages\/916\/revisions"}],"predecessor-version":[{"id":929,"href":"https:\/\/dd-test-digitaldot.dev-digitaldot.com\/rs\/wp-json\/wp\/v2\/pages\/916\/revisions\/929"}],"wp:attachment":[{"href":"https:\/\/dd-test-digitaldot.dev-digitaldot.com\/rs\/wp-json\/wp\/v2\/media?parent=916"}],"curies":[{"name":"wp","href":"https:\/\/api.w.org\/{rel}","templated":true}]}}